{"id":17112,"date":"2016-11-16T10:39:50","date_gmt":"2016-11-16T10:39:50","guid":{"rendered":"http:\/\/insp.ngo\/de\/insp-hub\/reuters-request-image\/"},"modified":"2016-12-16T11:08:09","modified_gmt":"2016-12-16T11:08:09","slug":"reuters-request-image","status":"publish","type":"page","link":"https:\/\/hub.insp.ngo\/de\/insp-hub\/reuters-request-image\/","title":{"rendered":"Ein Bild der Reuters Webseite anfragen"},"content":{"rendered":"<div id=\"fb-root\"><\/div>\n<p>Reuters spendet jeden Monat 50 hochaufl\u00f6sliche Bilder von ihrer internationalen Fotodatenbank an INSP. Um ein Bild von Reuters herunterladen zu k\u00f6nnen, muss das untenstehende Formular ausgef\u00fcllt werden. Unter keinen Umst\u00e4nden darf Reuters direkt wegen der Benutzung eines Fotos kontaktiert werden.<\/p>\n<p>Wie man ein Foto anfragt:<\/p>\n<p>&#8212; Besuchen Sie die Seite <a href=\"http:\/\/pictures.reuters.com\/\">http:\/\/pictures.reuters.com<br \/>\n<\/a>&#8212; Schreiben Sie den System ID code des Fotos auf, welches Sie benutzen m\u00f6chten<br \/>\n&#8212; Geben Sie den System ID code und ihre Frist in das untenstehende Formular ein<br \/>\n&#8212; Bei mehreren Bild-Anfragen geben Sie bitte f\u00fcr jedes einzelne Bild dem jeweiligen System ID code ein<\/p>\n<p>Bitte nehmen Sie zur Kenntnis, dass wir nur eine begrenzte Anzahl von Bildern von Reuters zur Verf\u00fcgung haben und es sein kann, dass wir Ihre Anfrage nicht erf\u00fcllen k\u00f6nnen. Unser Team wird Ihnen das mitteilen, sollte dies einmal der Fall sein.\u00a0Unsere Mitarbeiter werden die Bilder nach einer gleichberechtigten Grundlage zuteilen.<\/p>\n<p>In Erg\u00e4nzung zu den monatlichen 50 neuen Fotos, hat der INSP Nachrichtendienst \u00fcber die vergangene Jahre hinweg ein gro\u00dfes Archiv von bereits heruntergeladenen Reuters-Bildern aufgebaut. Sollten Sie ein Bild von einer bekannten Person oder einem bekannten Platz anfragen (zum Beispiel von Politikern, Prominenten, Geb\u00e4ude, Veranstaltung), z\u00f6gern Sie nicht, uns danach zu fragen, auch im Archiv nach einem passenden Foto zu suchen. Es gibt keine Einschr\u00e4nkungen f\u00fcr Mitglieder bei der Benutzung des Archivs.<\/p>\n<p>Wenn ein Bild von Reuters benutzt wird, dann sollte dies auch immer mit der begleitenden Textdatei bez\u00fcglich der Urheberschaft versehen sein. Die Bilder <u>d\u00fcrfen nicht<\/u> f\u00fcr online Ver\u00f6ffentlichungen benutzt werden.<\/p>\n","protected":false},"excerpt":{"rendered":"<p>Reuters spendet jeden Monat 50 hochaufl\u00f6sliche Bilder von ihrer internationalen Fotodatenbank an INSP. Um ein Bild von Reuters herunterladen zu k\u00f6nnen, muss das untenstehende Formular ausgef\u00fcllt werden. Unter keinen Umst\u00e4nden darf Reuters direkt wegen der [&hellip;]<\/p>\n","protected":false},"author":1,"featured_media":0,"parent":15734,"menu_order":0,"comment_status":"closed","ping_status":"closed","template":"","meta":{"_acf_changed":false,"_has_post_settings":[],"footnotes":""},"tags":[],"hashtags":[],"class_list":["post-17112","page","type-page","status-publish","hentry"],"acf":[],"yoast_head":"<!-- This site is optimized with the Yoast SEO plugin v26.8 - https:\/\/yoast.com\/product\/yoast-seo-wordpress\/ -->\n<title>Ein Bild der Reuters Webseite anfragen &#8226; INSP<\/title>\n<meta name=\"robots\" content=\"noindex, nofollow\" \/>\n<meta property=\"og:locale\" content=\"de_DE\" \/>\n<meta property=\"og:type\" content=\"article\" \/>\n<meta property=\"og:title\" content=\"Ein Bild der Reuters Webseite anfragen &#8226; INSP\" \/>\n<meta property=\"og:description\" content=\"Reuters spendet jeden Monat 50 hochaufl\u00f6sliche Bilder von ihrer internationalen Fotodatenbank an INSP. Um ein Bild von Reuters herunterladen zu k\u00f6nnen, muss das untenstehende Formular ausgef\u00fcllt werden. Unter keinen Umst\u00e4nden darf Reuters direkt wegen der [&hellip;]\" \/>\n<meta property=\"og:url\" content=\"https:\/\/hub.insp.ngo\/de\/insp-hub\/reuters-request-image\/\" \/>\n<meta property=\"og:site_name\" content=\"INSP\" \/>\n<meta property=\"article:publisher\" content=\"https:\/\/www.facebook.com\/inspstreetpapers\/\" \/>\n<meta property=\"article:modified_time\" content=\"2016-12-16T11:08:09+00:00\" \/>\n<meta name=\"twitter:card\" content=\"summary_large_image\" \/>\n<meta name=\"twitter:site\" content=\"@_INSP\" \/>\n<meta name=\"twitter:label1\" content=\"Gesch\u00e4tzte Lesezeit\" \/>\n\t<meta name=\"twitter:data1\" content=\"1\u00a0Minute\" \/>\n<!-- \/ Yoast SEO plugin. -->","yoast_head_json":{"title":"Ein Bild der Reuters Webseite anfragen &#8226; INSP","robots":{"index":"noindex","follow":"nofollow"},"og_locale":"de_DE","og_type":"article","og_title":"Ein Bild der Reuters Webseite anfragen &#8226; INSP","og_description":"Reuters spendet jeden Monat 50 hochaufl\u00f6sliche Bilder von ihrer internationalen Fotodatenbank an INSP. Um ein Bild von Reuters herunterladen zu k\u00f6nnen, muss das untenstehende Formular ausgef\u00fcllt werden. Unter keinen Umst\u00e4nden darf Reuters direkt wegen der [&hellip;]","og_url":"https:\/\/hub.insp.ngo\/de\/insp-hub\/reuters-request-image\/","og_site_name":"INSP","article_publisher":"https:\/\/www.facebook.com\/inspstreetpapers\/","article_modified_time":"2016-12-16T11:08:09+00:00","twitter_card":"summary_large_image","twitter_site":"@_INSP","twitter_misc":{"Gesch\u00e4tzte Lesezeit":"1\u00a0Minute"},"schema":{"@context":"https:\/\/schema.org","@graph":[{"@type":"WebPage","@id":"https:\/\/hub.insp.ngo\/de\/insp-hub\/reuters-request-image\/","url":"https:\/\/hub.insp.ngo\/de\/insp-hub\/reuters-request-image\/","name":"Ein Bild der Reuters Webseite anfragen &#8226; INSP","isPartOf":{"@id":"https:\/\/hub.insp.ngo\/#website"},"datePublished":"2016-11-16T10:39:50+00:00","dateModified":"2016-12-16T11:08:09+00:00","breadcrumb":{"@id":"https:\/\/hub.insp.ngo\/de\/insp-hub\/reuters-request-image\/#breadcrumb"},"inLanguage":"de","potentialAction":[{"@type":"ReadAction","target":["https:\/\/hub.insp.ngo\/de\/insp-hub\/reuters-request-image\/"]}]},{"@type":"BreadcrumbList","@id":"https:\/\/hub.insp.ngo\/de\/insp-hub\/reuters-request-image\/#breadcrumb","itemListElement":[{"@type":"ListItem","position":1,"name":"Home","item":"https:\/\/hub.insp.ngo\/"},{"@type":"ListItem","position":2,"name":"INSP Hub","item":"https:\/\/hub.insp.ngo\/de\/insp-hub\/"},{"@type":"ListItem","position":3,"name":"Ein Bild der Reuters Webseite anfragen"}]},{"@type":"WebSite","@id":"https:\/\/hub.insp.ngo\/#website","url":"https:\/\/hub.insp.ngo\/","name":"INSP","description":"INSP supports more than 100 street paper projects, in 35 countries, in 24 languages. With a combined readership of 6 million per edition, street papers provide an innovative solution to urban homelessness and unemployment.","inLanguage":"de"}]}},"_links":{"self":[{"href":"https:\/\/hub.insp.ngo\/de\/wp-json\/wp\/v2\/pages\/17112","targetHints":{"allow":["GET"]}}],"collection":[{"href":"https:\/\/hub.insp.ngo\/de\/wp-json\/wp\/v2\/pages"}],"about":[{"href":"https:\/\/hub.insp.ngo\/de\/wp-json\/wp\/v2\/types\/page"}],"author":[{"embeddable":true,"href":"https:\/\/hub.insp.ngo\/de\/wp-json\/wp\/v2\/users\/1"}],"replies":[{"embeddable":true,"href":"https:\/\/hub.insp.ngo\/de\/wp-json\/wp\/v2\/comments?post=17112"}],"version-history":[{"count":0,"href":"https:\/\/hub.insp.ngo\/de\/wp-json\/wp\/v2\/pages\/17112\/revisions"}],"up":[{"embeddable":true,"href":"https:\/\/hub.insp.ngo\/de\/wp-json\/wp\/v2\/pages\/15734"}],"wp:attachment":[{"href":"https:\/\/hub.insp.ngo\/de\/wp-json\/wp\/v2\/media?parent=17112"}],"wp:term":[{"taxonomy":"post_tag","embeddable":true,"href":"https:\/\/hub.insp.ngo\/de\/wp-json\/wp\/v2\/tags?post=17112"},{"taxonomy":"hashtags","embeddable":true,"href":"https:\/\/hub.insp.ngo\/de\/wp-json\/wp\/v2\/hashtags?post=17112"}],"curies":[{"name":"wp","href":"https:\/\/api.w.org\/{rel}","templated":true}]}}